{"id":232,"date":"2022-11-29T11:14:44","date_gmt":"2022-11-29T11:14:44","guid":{"rendered":"https:\/\/susemichel.de\/?page_id=232"},"modified":"2025-11-15T16:07:34","modified_gmt":"2025-11-15T16:07:34","slug":"im-interview","status":"publish","type":"page","link":"https:\/\/susemichel.de\/?page_id=232","title":{"rendered":"Im Interview"},"content":{"rendered":"<p style=\"font-weight: 400;\"><a href=\"https:\/\/open.spotify.com\/episode\/51zd18AdtAn8WcoSlrRyyG\"><strong>Wokeness: sind die Linken schuld an den Rechten?<\/strong><\/a><br \/>\nIdentit\u00e4tspolitik, Gendern, Neopronomen: Rechte Politik ist auch wegen ihrer Kritik an der &#8222;woken Linken&#8220; erfolgreich. Aber sind die Linken wirklich schuld an den Rechten? Ob sich progressive Kr\u00e4fte verrannt haben und welche Minderheitenpolitik f\u00fcr emanzipatorische Politik unverhandelbar sein muss, diskutieren die Politikwissenschaftlerin, Frauenrechtsaktivistin und ehemalige Gr\u00fcn-Abgeordnete Faika El-Nagashi, die Journalistin und Publizistin Lea Susemichel (an.schl\u00e4ge) und FALTER-Chefredakteur Florian Klenk. Falter-Podcast, 9.11.2025<br \/>\n<strong><br \/>\n<img fetchpriority=\"high\" decoding=\"async\" class=\"alignnone size-full wp-image-668\" src=\"https:\/\/susemichel.de\/wp-content\/uploads\/2025\/11\/PRESS-1127.jpg\" alt=\"\" width=\"283\" height=\"189\" \/><br \/>\n<\/strong><span style=\"font-family: arial, sans-serif; color: #666666; font-size: 1.125rem; font-style: italic;\">\u00a9 FALTER\/Roland Ferrigato<br \/>\n<\/span><strong><br \/>\n<a href=\"https:\/\/www.deutschlandfunknova.de\/beitrag\/gleichberechtigung-oktober-1975-als-islands-frauen-die-insel-lahmlegten\">Eine Stunde History<\/a><br \/>\nOktober 1975: Als Islands Frauen die Insel lahmlegten,<br \/>\n<\/strong>Am 24. Oktober 1975 ist auf Island alles anders: Die Frauen sind an diesem Tag buchst\u00e4blich verschwunden und \u00fcberlassen ihre Arbeit den M\u00e4nnern. Mit dem Streik folgen sie einem Aufruf der Vereinten Nationen, die 1975 zum &#8222;Jahr der Frau&#8220; erkoren hatten.<strong><br \/>\n<\/strong>Deutschlandfunk Nova, 24.10.2025<\/p>\n<p><strong><a href=\"https:\/\/www.ardaudiothek.de\/episode\/urn:ard:episode:2cc1df6e5733ccdd\/\">SWR Kultur: Woke und weltfremd \u2013 Ist die Linke schuld am Rechtsruck?<\/a><\/strong><br \/>\nPolitikversteher nennen es den \u201eVibe Shift\u201c: Ob Trump, Orban oder die AfD \u2013 weltweit ist die extreme Rechte auf dem Vormarsch. Schuld daran, so der Autor Jens Jessen k\u00fcrzlich in der ZEIT, sind die Linken selbst. Sie h\u00e4tten den politischen Gegner durch ihre \u201eidentit\u00e4tspolitische Semantik\u201c erst stark gemacht. \u201eWokeness, Diversity, Gendergerechtigkeit\u201c, so Jessen, \u201esind das gr\u00f6\u00dfte Geschenk, dass die Linke der Rechten machen konnte.\u201c Ist das so? Treiben woke Kulturk\u00e4mpfer mit ihren identit\u00e4tspolitischen Zumutungen potentielle W\u00e4hler der Mitte in die Arme von AfD &amp; Co.? Ist gesellschaftliche Spaltung der Preis f\u00fcr emanzipatorische Politik? Und was ist wirklich links? Michael Risel diskutiert mit Jens Jessen \u2013 DIE ZEIT; Dr. Nils C. Kumkar \u2013 Soziologe, Universit\u00e4t Bremen; Lea Susemichel \u2013 Journalistin und Publizistin, Wien<br \/>\nSWR Kultur Forum, 17.9.2025<\/p>\n<p><img decoding=\"async\" class=\"alignnone size-medium wp-image-674\" src=\"https:\/\/susemichel.de\/wp-content\/uploads\/2025\/11\/MO78_Cover_540px-225x300.jpg\" alt=\"\" width=\"225\" height=\"300\" srcset=\"https:\/\/susemichel.de\/wp-content\/uploads\/2025\/11\/MO78_Cover_540px-225x300.jpg 225w, https:\/\/susemichel.de\/wp-content\/uploads\/2025\/11\/MO78_Cover_540px.jpg 540w\" sizes=\"(max-width: 225px) 100vw, 225px\" \/><br \/>\n<strong>Wozu noch Feminismus,\u00a0<\/strong><br \/>\nMO-Magazin, 8.3.2025<\/p>\n<p><a href=\"https:\/\/topos.orf.at\/begriff-toxische-maennlichkeit100\"><strong>Debatte \u00fcber \u201etoxische M\u00e4nnlichkeit\u201c<\/strong><\/a><br \/>\nF\u00fcr die einen ist der Begriff \u201etoxische M\u00e4nnlichkeit\u201c eine Pauschalverurteilung aller M\u00e4nner. F\u00fcr die anderen ein passendes Schlagwort, um die gewaltvollen Auswirkungen eines bestimmten Rollenbilds zu vermitteln. W\u00e4hrend der Begriff etwa in der Jugendarbeit nicht explizit verwendet wird, braucht es ihn laut Expertin Lea Susemichel aktuell vor allem auf politischer Ebene dringend. ORF Topos geht der Frage nach, welche St\u00e4rken und Schw\u00e4chen der Begriff aufweist.<br \/>\nORF, 9.2.2025<\/p>\n<p><a href=\"https:\/\/www.derstandard.at\/story\/3000000198339\/lea-susemichel-feministische-journalistinnen-duerfen-nicht-nur-mahnerinnen-sein\"><strong>Lea Susemichel: &#8222;Feministische Journalistinnen d\u00fcrfen nicht nur Mahnerinnen sein&#8220;<\/strong><\/a><br \/>\nDas feministische Magazin &#8222;an.schl\u00e4ge&#8220; feiert seinen 40er. Redakteurin Lea Susemichel spricht dar\u00fcber, warum Haltungsjournalismus kein Schimpfwort sein sollte und was den Feminismus besser gemacht hat<br \/>\nIn: Der Standard, 6.12.2023<\/p>\n<p><img decoding=\"async\" class=\"alignnone size-medium wp-image-483\" src=\"https:\/\/susemichel.de\/wp-content\/uploads\/2023\/12\/cMagdalena-Fischer-229x300.jpeg\" alt=\"\" width=\"229\" height=\"300\" srcset=\"https:\/\/susemichel.de\/wp-content\/uploads\/2023\/12\/cMagdalena-Fischer-229x300.jpeg 229w, https:\/\/susemichel.de\/wp-content\/uploads\/2023\/12\/cMagdalena-Fischer-780x1024.jpeg 780w, https:\/\/susemichel.de\/wp-content\/uploads\/2023\/12\/cMagdalena-Fischer-768x1008.jpeg 768w, https:\/\/susemichel.de\/wp-content\/uploads\/2023\/12\/cMagdalena-Fischer.jpeg 960w\" sizes=\"(max-width: 229px) 100vw, 229px\" \/><\/p>\n<p><strong><a href=\"https:\/\/www.moment.at\/story\/40-jahre-anschlaege-40-jahre-feminismus-erfolge-sind-nicht-stein-gemeisselt\">40 Jahre \u201can.schl\u00e4ge\u201d, 40 Jahre Feminismus: \u201cErfolge sind nicht in Stein gemei\u00dfelt&#8220;<\/a><\/strong><br \/>\nSeit 40 Jahren gibt es das feministische Magazin \u201can.schl\u00e4ge\u201d. Zum Geburtstag sprechen wir mit den leitenden Redakteurinnen Lea Susemichel und Brigitte Thei\u00dfl dar\u00fcber, was sich seither ver\u00e4ndert hat. \u00dcber Erfolge sowie aktuelle Herausforderungen im Feminismus. Und \u00fcber eine wenig ambitionierte Frauen- und Medienministerin.<br \/>\nIn: moment.at, 30.11.2023<\/p>\n<p><strong><a href=\"https:\/\/anschlaege.at\/andere-medien-koennen-sehr-viel-von-uns-lernen\/\">\u201eAndere Medien k\u00f6nnen sehr viel von uns lernen\u201c<\/a><\/strong><br \/>\nWie marktf\u00f6rmig muss Feminismus heute sein, um wahrgenommen zu werden? Und wie gehen feministische Medienmacherinnen mit diesem Druck um? Ein Gespr\u00e4ch zwischen Lea Susemichel, leitende an.schl\u00e4ge-Redakteurin, und Sonja Eismann, Mitherausgeberin des \u201eMissy Magazine\u201c. Moderation: Janis Czapka<br \/>\nIn: an.schl\u00e4ge,\u00a0VII\/2023<\/p>\n<p><strong><a href=\"https:\/\/missy-magazine.de\/blog\/2023\/05\/15\/ob-kinder-oder-keine\/\">Ob Kinder oder keine<\/a><\/strong><br \/>\nBei keinem anderen Thema wird derzeit so sehr diskutiert, ob es Genuss oder Verzicht bedeutet: Elternschaft.<br \/>\nIn: Missy Magazine,\u00a015.05.2023<\/p>\n<p><strong><a href=\"https:\/\/www.derstandard.at\/story\/2000136817412\/lea-susemichel-und-jens-kastner-geteilte-erfahrung-darf-keine-voraussetzung\">&#8222;UNBEDINGTE SOLIDARIT\u00c4T&#8220;<\/a><\/strong><br \/>\nLea Susemichel und Jens Kastner: &#8222;Identit\u00e4tspolitik war zun\u00e4chst eine Notwehrreaktion&#8220;<strong><br \/>\n<\/strong>Gibt es Zusammenhalt nur zwischen jenen, die \u00e4hnliche Diskriminierung erfahren? Wir brauchen Solidarit\u00e4t, die weit dar\u00fcber hinausgeht, sagen die Herausgeber:innen eines Buches \u00fcber Solidarit\u00e4t.<br \/>\nInterview:\u00a0Beate Hausbichler, 27. Juni 2022, derstandard.at<\/p>\n<p style=\"font-weight: 400;\"><a href=\"https:\/\/www.profil.at\/gesellschaft\/streitgespraech-debatte-ueber-die-geschlechter\/402085720\">STREITGESPR\u00c4CH: DEBATTE \u00dcBER DIE GESCHLECHTER<\/a><br \/>\nWas ist der Unterschied zwischen Transfrauen und Frauen? Zementiert die Debatte \u00fcber die Geschlechter alte Rollenbilder? Und lenkt das alles von wichtigeren Themen ab? Feministinnen sind in diesen Fragen gespalten. profil hat drei von ihnen zum Streitgespr\u00e4ch geladen.<br \/>\nVon\u00a0<a href=\"https:\/\/www.profil.at\/author\/siobhan.geets\">Siobh\u00e1n Geets<\/a>\u00a0und\u00a0<a href=\"https:\/\/www.profil.at\/author\/angelika.hager\">Angelika Hager<\/a>, 23.07.22, Profil<\/p>\n<p style=\"font-weight: 400;\"><a href=\"https:\/\/www.wienerzeitung.at\/nachrichten\/politik\/oesterreich\/2053453-Frauen-in-groesserer-Anzahl-sind-eine-Bedrohung.html?em_cnt_page=1\">&#8222;FRAUEN IN GR\u00d6\u00dfERER ANZAHL SIND EINE BEDROHUNG&#8220;<\/a><br \/>\nUm zu echter Gleichberechtigung zu kommen, muss der Kapitalismus abgeschafft werden, sind sich Barbara Klein, Lea Susemichel und Beg\u00fcm G\u00f6rd\u00fc \u00a0einig. WIENER ZEITUNG, 8.3.2020<\/p>\n<p style=\"font-weight: 400;\"><img loading=\"lazy\" decoding=\"async\" class=\"alignnone wp-image-303\" src=\"https:\/\/susemichel.de\/wp-content\/uploads\/2022\/11\/200306-1545-948-0900-265367-15a024415-1-300x142.jpg\" alt=\"\" width=\"260\" height=\"123\" srcset=\"https:\/\/susemichel.de\/wp-content\/uploads\/2022\/11\/200306-1545-948-0900-265367-15a024415-1-300x142.jpg 300w, https:\/\/susemichel.de\/wp-content\/uploads\/2022\/11\/200306-1545-948-0900-265367-15a024415-1-1024x485.jpg 1024w, https:\/\/susemichel.de\/wp-content\/uploads\/2022\/11\/200306-1545-948-0900-265367-15a024415-1-768x364.jpg 768w, https:\/\/susemichel.de\/wp-content\/uploads\/2022\/11\/200306-1545-948-0900-265367-15a024415-1.jpg 1280w\" sizes=\"(max-width: 260px) 100vw, 260px\" \/><br \/>\n<strong><br \/>\n<\/strong><a href=\"https:\/\/skug.at\/diskursdschungel-identitaetspolitiken\/\">DISKURSDSCHUNGEL IDENTIT\u00c4TSPOLITIKEN<\/a><strong><br \/>\n<\/strong>\u00bbIdentit\u00e4tspolitiken. Konzepte und Kritiken in Geschichte und Gegenwart der Linken\u00ab ist ein \u00e4u\u00dferst lesenswertes Arbeitsbuch zu einer aktuell wieder heftigst zwischen Haupt- und Nebenwiderspr\u00fcchen ausgetragenen innerlinken Debatte. Ein E-Mail-Interview mit den Autor*innen Jens Kastner und Lea Susemichel. Slug.at<\/p>\n<p style=\"font-weight: 400;\"><a href=\"https:\/\/taz.de\/Feministisches-Magazin-Anschlaege\/!5489340\/\">\u201eWIR M\u00dcSSEN ZUSAMMENSTEHEN\u201c<\/a><br \/>\n\u201ean.schl\u00e4ge\u201c feiert seinen 35. Geburtstag. Warum das Magazin Geld braucht und wie es auf den Rechtsruck in \u00d6sterreich reagiert, erkl\u00e4rt Redakteurin Lea Susemichel. taz<\/p>\n<div><a href=\"https:\/\/augustin.or.at\/erstaunlich-viele-kontinuitaeten\/\">&#8222;ERSTAUNLICH VIELE KONTINUIT\u00c4TEN&#8220;<\/a><\/div>\n<p style=\"font-weight: 400;\">an.schl\u00e4ge: 35 Jahre Feminismus in Magazinform. Augustin<\/p>\n<div><a href=\"https:\/\/www.grassrootsfeminism.net\/cms\/node\/697\"><u>\u201eAUF DER SUCHE NACH IMMER NEUEN FORMEN\u2026\u201c.<\/u><\/a><\/div>\n<p style=\"font-weight: 400;\">Lea Susemichel, koordinierende Redakeurin der feministischen Monatszeitschrift an.schl\u00e4ge und Co-Produzentin von an.schl\u00e4ge-TV, im Gespr\u00e4ch mit Rosa\u00a0Reitsamer.<\/p>\n<p><a href=\"https:\/\/www.genderleicht.de\/how-to-gender-im-journalismus-vier-menschen-wie-sie-es-machen\/\">HOW TO GENDER IM JOURNALISMUS<\/a><br \/>\nGeschlechtergerechtes Schreiben als Ideal: Mithu Sanyal, Antje Schrupp, Tarik Tesfu und Lea Susemichel, genderleicht.de<\/p>\n<p><img loading=\"lazy\" decoding=\"async\" class=\"alignnone size-medium wp-image-406\" src=\"https:\/\/susemichel.de\/wp-content\/uploads\/2022\/11\/viergendern_im_jornalismus-1-300x158.jpg\" alt=\"\" width=\"300\" height=\"158\" srcset=\"https:\/\/susemichel.de\/wp-content\/uploads\/2022\/11\/viergendern_im_jornalismus-1-300x158.jpg 300w, https:\/\/susemichel.de\/wp-content\/uploads\/2022\/11\/viergendern_im_jornalismus-1.jpg 600w\" sizes=\"(max-width: 300px) 100vw, 300px\" \/><\/p>\n<div><u><a href=\"https:\/\/www.europacamp.at\/trotzdem\/interviewanschlaege\">DIE ZAHLLOSEN SUBTILEN FORMEN VON DISKRIMINIERUNG UND VORURTEILEN, DIE DEN STATUS QUO SICHERN.<\/a><br \/>\n<\/u><\/div>\n<p style=\"font-weight: 400;\">F\u00fcr die Analyse der Medienwelt braucht es eine scharfe, kritische und vor allem feministische Brille.<\/p>\n<div><a href=\"https:\/\/mosaik-blog.at\/35-jahre-anschlaege-feministisches-magazin-geburtstag\/\">\u201eWIR ERLEBEN DIE GR\u00d6SSTE FEMINISTISCHE REVOLUTION ALLER ZEITEN\u201c<\/a><\/div>\n<p style=\"font-weight: 400;\">Das feministische Magazin an.schl\u00e4ge\u00a0<a href=\"https:\/\/www.facebook.com\/events\/571303066565483\/\" target=\"_blank\" rel=\"noopener\">feiert seinen 35. Geburtsta<\/a>\u00a0und wir gratulieren herzlich! Im Geburtstags-Interview erz\u00e4hlen die an.schl\u00e4ge-Redakteurinnen Lea Susemichel und Brigitte Thei\u00dfl, was sich in den dreieinhalb Jahrzehnten ver\u00e4ndert hat, warum sie gerade eine Crowdfunding-Kampagne starten m\u00fcssen und welche Herausforderung die schwarz-blaue Regierung f\u00fcr feministisches Publizieren bedeutet. Mosaik-blog<\/p>\n<div><u><a href=\"https:\/\/www.anarchismus.at\/anarcha-feminismus\/feminismus\/6539-feminismus-heute-ein-interview-mit-lea-susemichel\">FEMINISMUS HEUTE.<\/a><\/u> <b><br \/>\n<\/b><\/div>\n<p style=\"font-weight: 400;\">Internationaler Frauentag, 40 Jahre neuer Feminismus, 25 Jahre an.schl\u00e4ge<\/p>\n<div><u><a href=\"https:\/\/kritisch-lesen.de\/interview\/sagen-was-ist-und-zeigen-was-sonst-im-verborgenen-bliebe\">\u201eSAGEN, WAS IST \u2013 UND ZEIGEN, WAS SONST IM VERBORGENEN BLIEBE\u201c<\/a><\/u><\/div>\n<div>\n<p><u><u>Wie steht es um die Landschaft alternativer Medien? Stecken wir in einer Krise, \u00e4hnlich wie die \u201eGro\u00dfen\u201c? Und wenn ja, wodurch zeichnet sich diese aus? Kritisch-lesen.de<\/u><\/u><\/p>\n<p style=\"font-weight: 400;\"><u><a href=\"https:\/\/www.progress-online.at\/artikel\/feministische-gegen%C3%B6ffentlichkeit\">FEMINISTISCHE GEGEN\u00d6FFENTLICHKEIT<\/a><br \/>\n<\/u>Ein Blick hinter die Kulissen der an.schl\u00e4ge, Progress Magazin<\/p>\n<p><img loading=\"lazy\" decoding=\"async\" class=\"alignnone size-full wp-image-404\" src=\"https:\/\/susemichel.de\/wp-content\/uploads\/2022\/11\/Unknown-2.jpg\" alt=\"\" width=\"275\" height=\"183\" \/><\/p>\n<p><a href=\"https:\/\/www.derstandard.at\/story\/1204643412206\/anschlaege-gegen-schwanz-ab-feminismus\">GEGEN &#8222;SCHWANZ-AB&#8220;-FEMINISMUS<\/a><br \/>\nDas feministische Monatsblatt feiert sein 25. Jahr &#8211; entstaubt und mit zwei ambitionierten Redakteurinnen.<\/p>\n<\/div>\n","protected":false},"excerpt":{"rendered":"<p>Wokeness: sind die Linken schuld an den Rechten? Identit\u00e4tspolitik, Gendern, Neopronomen: Rechte Politik ist auch wegen ihrer Kritik an der &#8222;woken Linken&#8220; erfolgreich. Aber sind die Linken wirklich schuld an den Rechten? Ob sich progressive Kr\u00e4fte verrannt haben und welche Minderheitenpolitik f\u00fcr emanzipatorische Politik unverhandelbar sein muss, diskutieren die Politikwissenschaftlerin, Frauenrechtsaktivistin und ehemalige Gr\u00fcn-Abgeordnete Faika &hellip; <\/p>\n<p class=\"link-more\"><a href=\"https:\/\/susemichel.de\/?page_id=232\" class=\"more-link\"><span class=\"screen-reader-text\">\u201eIm Interview\u201c <\/span>weiterlesen<\/a><\/p>\n","protected":false},"author":1,"featured_media":0,"parent":0,"menu_order":0,"comment_status":"closed","ping_status":"closed","template":"","meta":{"footnotes":""},"class_list":["post-232","page","type-page","status-publish","hentry"],"_links":{"self":[{"href":"https:\/\/susemichel.de\/index.php?rest_route=\/wp\/v2\/pages\/232","targetHints":{"allow":["GET"]}}],"collection":[{"href":"https:\/\/susemichel.de\/index.php?rest_route=\/wp\/v2\/pages"}],"about":[{"href":"https:\/\/susemichel.de\/index.php?rest_route=\/wp\/v2\/types\/page"}],"author":[{"embeddable":true,"href":"https:\/\/susemichel.de\/index.php?rest_route=\/wp\/v2\/users\/1"}],"replies":[{"embeddable":true,"href":"https:\/\/susemichel.de\/index.php?rest_route=%2Fwp%2Fv2%2Fcomments&post=232"}],"version-history":[{"count":29,"href":"https:\/\/susemichel.de\/index.php?rest_route=\/wp\/v2\/pages\/232\/revisions"}],"predecessor-version":[{"id":669,"href":"https:\/\/susemichel.de\/index.php?rest_route=\/wp\/v2\/pages\/232\/revisions\/669"}],"wp:attachment":[{"href":"https:\/\/susemichel.de\/index.php?rest_route=%2Fwp%2Fv2%2Fmedia&parent=232"}],"curies":[{"name":"wp","href":"https:\/\/api.w.org\/{rel}","templated":true}]}}