{"id":117,"date":"2021-10-04T19:51:33","date_gmt":"2021-10-04T19:51:33","guid":{"rendered":"https:\/\/susemichel.de\/?page_id=117"},"modified":"2024-12-14T10:19:41","modified_gmt":"2024-12-14T10:19:41","slug":"video","status":"publish","type":"page","link":"https:\/\/susemichel.de\/?page_id=117","title":{"rendered":"Video"},"content":{"rendered":"<p><img decoding=\"async\" class=\"alignnone wp-image-564\" src=\"https:\/\/susemichel.de\/wp-content\/uploads\/2024\/09\/Lea-Susemichel-300x169.jpeg\" alt=\"\" width=\"294\" height=\"166\" srcset=\"https:\/\/susemichel.de\/wp-content\/uploads\/2024\/09\/Lea-Susemichel-300x169.jpeg 300w, https:\/\/susemichel.de\/wp-content\/uploads\/2024\/09\/Lea-Susemichel-1024x576.jpeg 1024w, https:\/\/susemichel.de\/wp-content\/uploads\/2024\/09\/Lea-Susemichel-768x432.jpeg 768w, https:\/\/susemichel.de\/wp-content\/uploads\/2024\/09\/Lea-Susemichel-1536x864.jpeg 1536w, https:\/\/susemichel.de\/wp-content\/uploads\/2024\/09\/Lea-Susemichel.jpeg 1571w\" sizes=\"(max-width: 294px) 100vw, 294px\" \/><strong><img fetchpriority=\"high\" decoding=\"async\" class=\"alignnone size-medium wp-image-552\" src=\"https:\/\/susemichel.de\/wp-content\/uploads\/2024\/09\/Bildschirmfoto-2024-07-11-um-15.50.29.png-2-300x168.webp\" alt=\"\" width=\"300\" height=\"168\" srcset=\"https:\/\/susemichel.de\/wp-content\/uploads\/2024\/09\/Bildschirmfoto-2024-07-11-um-15.50.29.png-2-300x168.webp 300w, https:\/\/susemichel.de\/wp-content\/uploads\/2024\/09\/Bildschirmfoto-2024-07-11-um-15.50.29.png-2-1024x574.webp 1024w, https:\/\/susemichel.de\/wp-content\/uploads\/2024\/09\/Bildschirmfoto-2024-07-11-um-15.50.29.png-2-768x431.webp 768w, https:\/\/susemichel.de\/wp-content\/uploads\/2024\/09\/Bildschirmfoto-2024-07-11-um-15.50.29.png-2-1536x861.webp 1536w, https:\/\/susemichel.de\/wp-content\/uploads\/2024\/09\/Bildschirmfoto-2024-07-11-um-15.50.29.png-2.webp 1921w\" sizes=\"(max-width: 300px) 100vw, 300px\" \/><\/strong><\/p>\n<p><strong>DAS DREIECK | DEMOKRATIE UND FRAUENPOLITIK<\/strong><\/p>\n<p>Das Dreieck bildet eine geometrische Form, die nicht zu verbiegen ist. Als Dreieck treten nun auch die \u00f6sterreichischen Community-Fernsehsender gemeinsam an, um anl\u00e4sslich der Nationalratswahlen am 29. September 2024 erstmals ein bundesweites TV-Diskussionsformat zu realisieren.<br \/>\nThemenschwerpunkte dieser Sendung: Demokratie und Frauenpolitik<br \/>\nKatharina Obermayer (OKTO) und Martin Wassermair (DORFTV) sprechen mit:<br \/>\n<strong>Tamara Ehs (Politikwissenschaftlerin, Demokratieberaterin)<\/strong><br \/>\n<strong>Lea Susemichel (Leitende Redakteurin an.schl\u00e4ge)<br \/>\n<\/strong>13. Juli 2024 |\u00a0DorfTV NRW24 Okto<\/p>\n<p>&nbsp;<\/p>\n<p><iframe title=\"Metaday 96 - Lea Susemichel - Feminist Pressure\" width=\"525\" height=\"295\" src=\"https:\/\/www.youtube.com\/embed\/7zm54f3qxWw?feature=oembed\" frameborder=\"0\" allow=\"accelerometer; autoplay; clipboard-write; encrypted-media; gyroscope; picture-in-picture; web-share\" referrerpolicy=\"strict-origin-when-cross-origin\" allowfullscreen><\/iframe><\/p>\n<p><strong>Feminist Press:ure, <\/strong>Metalab Wien, 26.4.2024<br \/>\nFeminismus liegt im Trend: Bei H&amp;M werden uns feministische Statement-Shirts verkauft und im Kino Barbie als vermeintlich feministische Figur. Auch das Medieninteresse an feministischen Themen hat insbesondere seit #Metoo zugenommen \u2013 allerdings auf sehr geringem Niveau. Frauenpolitische Themen sind rar, der mediale Mainstream ist leider immer noch ein Malestream. Eigene feministische Medien sind also weiterhin dringend n\u00f6tig, um \u201efeminist press:ure\u201c f\u00fcr mehr Geschlechtergerechtigkeit aufzubauen. Denn statt emotionalisierte Themen wie zuletzt etwa das Gendern als Clickbait zu nutzen, verhandeln Medien wie an.schl\u00e4ge Feminismus als intersektionales Querschnittsthema.<br \/>\nEngagierter, emanzipatorischer Journalismus, der eine klare politische Haltung vertritt, und journalistische Professionalit\u00e4t sind dabei kein Widerspruch. Ganz im Gegenteil: Emanzipatorische Medienarbeit sollte auch angesichts der Bedrohungen der Klima- und Demokratiepolitik als Vorbild dienen, um den derzeit weltweit zu beobachtenden rechtspopulistischen Angriffen auf die Unabh\u00e4ngigkeit der Medien entschlossen entgegenzutreten. Denn Journalist:innen d\u00fcrfen parteiisch sein, wenn es um Menschenrechte, Demokratie oder die Klimakatastrophe geht \u2013 sie m\u00fcssen es sogar sein, wenn sie guten Journalismus machen wollen.<\/p>\n<p>&nbsp;<\/p>\n<p><a href=\"https:\/\/www.berlin.de\/politische-bildung\/veranstaltungen\/veranstaltungen-der-berliner-landeszentrale\/solidarische-identitaetspolitik-1242625.php\"><strong>Solidarische Identit\u00e4tspolitik?<\/strong><\/a><br \/>\nUnsere Welt ist voller Widerspr\u00fcche, Spaltungen, Formen von Ungleichheit, Diskriminierung und Unterdr\u00fcckung. Wie k\u00f6nnen unter diesen Bedingungen politische Verbindungen geschaffen werden, die trotz \u2013 oder gerade durch \u2013 Differenzen und unterschiedliche Erfahrungen Bestand haben?<\/p>\n<p>Der Begriff Solidarit\u00e4t schien eine Zeit lang fast zur leeren Worth\u00fclse verkommen zu sein. Nun wird ihm in aktuellen Debatten neues Leben eingehaucht \u2013 von unbedingter, von verbindender und von radikaler Solidarit\u00e4t ist die Rede. Zugleich wird kritisiert, dass Identit\u00e4tspolitik zu einer Vertiefung der Spaltungen f\u00fchrt. Unterschiedliche Erfahrungen m\u00fcssen aber bei allen \u00dcberlegungen einbezogen werden. Dies haben bereits 1977 die Schwarzen Feministinnen des Combahee River Collective deutlich formuliert: \u201eWe realize that the only people who care enough about us to work consistently for our liberation are us.\u201c<\/p>\n<p>G\u00e4ste:<\/p>\n<p>Rahel Jaeggi (Philosophin, HU Berlin)<br \/>\nAnna Spangenberg (Autorin, B\u00fcndnis #unteilbar)<br \/>\nLea Susemichel (Leitende Redakteurin an.schl\u00e4ge-Das feministische Magazin)<br \/>\nModeration: Simin Jawabreh (Politikwissenschaftlerin und Referentin)<\/p>\n<p>https:\/\/www.youtube.com\/watch?v=onGb3LX2q8I<\/p>\n<p><iframe title=\"Die Selbstgerechten und die linke Identit\u00e4tspolitik\" width=\"525\" height=\"295\" src=\"https:\/\/www.youtube.com\/embed\/lTLJ8-92xGc?feature=oembed\" frameborder=\"0\" allow=\"accelerometer; autoplay; clipboard-write; encrypted-media; gyroscope; picture-in-picture; web-share\" referrerpolicy=\"strict-origin-when-cross-origin\" allowfullscreen><\/iframe><\/p>\n<p><strong>Die Selbstgerechten und die linke Identit\u00e4tspolitik<\/strong><br \/>\n<strong>Im Gespr\u00e4ch mit Lea Susemichel, Wolfgang Thierse, Jens Kastner und Muna Duzdar<\/strong><\/p>\n<h1><img decoding=\"async\" class=\"alignnone size-medium wp-image-590\" src=\"https:\/\/susemichel.de\/wp-content\/uploads\/2024\/12\/susemichel_wassermair-300x177.jpg\" alt=\"\" width=\"300\" height=\"177\" srcset=\"https:\/\/susemichel.de\/wp-content\/uploads\/2024\/12\/susemichel_wassermair-300x177.jpg 300w, https:\/\/susemichel.de\/wp-content\/uploads\/2024\/12\/susemichel_wassermair-1024x603.jpg 1024w, https:\/\/susemichel.de\/wp-content\/uploads\/2024\/12\/susemichel_wassermair-768x453.jpg 768w, https:\/\/susemichel.de\/wp-content\/uploads\/2024\/12\/susemichel_wassermair-1536x905.jpg 1536w, https:\/\/susemichel.de\/wp-content\/uploads\/2024\/12\/susemichel_wassermair.jpg 1690w\" sizes=\"(max-width: 300px) 100vw, 300px\" \/><br \/>\n<strong style=\"color: var( --e-global-color-text ); font-family: var( --e-global-typography-text-font-family ), Sans-serif; font-size: 1rem;\">Lea Susemichel zu Gast bei WASSERMAIR SUCHT DEN NOTAUSGANG<\/strong><em style=\"color: var( --e-global-color-text ); font-family: var( --e-global-typography-text-font-family ), Sans-serif; font-size: 1rem;\">\u00a0<\/em><\/h1>\n<p><a style=\"font-family: var( --e-global-typography-text-font-family ), Sans-serif; font-size: 1rem;\" href=\"https:\/\/www.bruecke-museum.de\/de\/sammlung\/perspektiven\/1691\/solidaritt\"><img loading=\"lazy\" decoding=\"async\" src=\"https:\/\/susemichel.de\/wp-content\/uploads\/2022\/11\/Bruecke-300x203.jpg\" alt=\"\" width=\"532\" height=\"360\" \/><\/a><\/p>\n<p>Projekt Various Answers\u00a0des Br\u00fccke-Museums Berlin:\u00a0<a style=\"font-family: var( --e-global-typography-text-font-family ), Sans-serif; font-size: 1rem;\" href=\"https:\/\/www.bruecke-museum.de\/de\/sammlung\/perspektiven\/1691\/solidaritt\">Solidarit\u00e4t<\/a><\/p>\n<p>&nbsp;<\/p>\n<p><a href=\"https:\/\/www.facebook.com\/jusosleipzig\/videos\/902051310571999\"><img loading=\"lazy\" decoding=\"async\" src=\"https:\/\/susemichel.de\/wp-content\/uploads\/2022\/11\/jusos-300x191.jpg\" alt=\"\" width=\"594\" height=\"378\" \/><\/a><\/p>\n<p><b><a tabindex=\"0\" role=\"link\" href=\"https:\/\/www.facebook.com\/jusosleipzig\/videos\/902051310571999\/?__tn__=%2CO-R\"><b>4<\/b><b>.<\/b>\u00a03.<b>2<\/b>0<b>2<\/b><b>1:\u00a0<\/b><\/a><\/b><b style=\"font-family: var( --e-global-typography-text-font-family ), Sans-serif; font-size: 1rem;\"><a style=\"font-family: var( --e-global-typography-text-font-family ), Sans-serif; font-size: 1rem;\" tabindex=\"0\" role=\"link\" href=\"https:\/\/www.facebook.com\/jusosleipzig\/videos\/902051310571999\/?__tn__=%2CO-R\">Feministische Identit\u00e4tspolitik<\/a>\u00a0<\/b>Ist das politische Subjekt &#8222;Frau&#8220; noch aktuell? Jusos Leipzig<\/p>\n<p>&nbsp;<\/p>\n<p><a href=\"https:\/\/pressetreff.3sat.de\/programm\/dossier\/kulturzeit-extra-einzelkampfer%2Ainnen-was-halt-uns-heute-zusammen\"><strong style=\"color: var( --e-global-color-text ); font-family: var( --e-global-typography-text-font-family ), Sans-serif; font-size: 1rem;\">\u00a0<\/strong><strong style=\"color: var( --e-global-color-text ); font-family: var( --e-global-typography-text-font-family ), Sans-serif; font-size: 1rem;\">Interview\u00a0in\u00a0Kulturzeit extra: Einzelk\u00e4mpfer*innen<\/strong><strong> \u2013 was h\u00e4lt uns heute zusammen? 09.11.2020.<\/strong><\/a><\/p>\n<p><img loading=\"lazy\" decoding=\"async\" style=\"font-size: 1rem;\" src=\"https:\/\/susemichel.de\/wp-content\/uploads\/2022\/02\/Unknown.jpeg\" alt=\"\" width=\"498\" height=\"309\" \/><\/p>\n<p>https:\/\/www.youtube.com\/watch?v=Mn9nFtPnovEhttps:\/\/www.youtube.com\/watch?v=VPxbi0ofBy4&#038;t=161s<\/p>\n<p><strong>Europ\u00e4ische Medienpolitik im Spannungsfeld von Message Control und Informationsfreiheit.<\/strong><br \/>\nMit Eva Blimlinger (Die Gr\u00fcnen), Ivan Koruza (Radio \u0160tudent Ljubljana, RTV), Amar Rajkovi\u0107 (biber), Natascha Strobl (#NatsAnalyse), Lea Susemichel (an.schl\u00e4ge), Gy\u00f6rgyi Germ\u00e1n (Tilos R\u00e1di\u00f3, Budapest), Ulli Weish (Orange 94.0)<\/p>\n<p>https:\/\/youtu.be\/kNFYMKzACsYhttps:\/\/www.youtube.com\/watch?v=kftYn0FLtG4<\/p>\n<p><strong>Lea Susemichel, Feminist Press:ure: Was zeichnet engagierte emanzipatorische Medienpolitik aus?<\/strong><\/p>\n<p><iframe title=\"Podiumsdiskussion I: Feminist Press:ure auf den Main- und Malestream\" width=\"525\" height=\"295\" src=\"https:\/\/www.youtube.com\/embed\/swyT7mSwLic?feature=oembed\" frameborder=\"0\" allow=\"accelerometer; autoplay; clipboard-write; encrypted-media; gyroscope; picture-in-picture; web-share\" referrerpolicy=\"strict-origin-when-cross-origin\" allowfullscreen><\/iframe><\/p>\n<p><a href=\"https:\/\/www.youtube.com\/watch?v=8bsYR9uhQv8\"><strong>Podiumsdiskussion: Feminist Press:ure auf den Main- und Malestream<\/strong><br \/>\n<strong>Mit Corinna Milborn, Ferda Ataman, Beate Hausbichler<\/strong><br \/>\n<strong>Moderation: Lea Susemichel<\/strong><\/a><\/p>\n<p><iframe title=\"Podiumsdiskussion II: Der Kampf mit dem Algorithmus: Feminismus im Netz\" width=\"525\" height=\"295\" src=\"https:\/\/www.youtube.com\/embed\/Mn9nFtPnovE?feature=oembed\" frameborder=\"0\" allow=\"accelerometer; autoplay; clipboard-write; encrypted-media; gyroscope; picture-in-picture; web-share\" referrerpolicy=\"strict-origin-when-cross-origin\" allowfullscreen><\/iframe><\/p>\n<p><strong>Podiumsdiskussion II. Feminist Press:ure: Der Kampf mit dem Algorithmus: Feminismus im Netz<\/strong><br \/>\n<strong>Mit Noura Maan, Teresa B\u00fccker, Lea Susemichel<\/strong><br \/>\n<strong>Moderation: Beate Hausbichler<\/strong><\/p>\n<p><iframe title=\"Buchgespr\u00e4ch: Beate Hausbichler - \u00bbDer verkaufte Feminismus\u00ab (Residenz)\" width=\"525\" height=\"295\" src=\"https:\/\/www.youtube.com\/embed\/By6qS9g5sbM?feature=oembed\" frameborder=\"0\" allow=\"accelerometer; autoplay; clipboard-write; encrypted-media; gyroscope; picture-in-picture; web-share\" referrerpolicy=\"strict-origin-when-cross-origin\" allowfullscreen><\/iframe><\/p>\n<p><strong>Buchgespr\u00e4ch: Beate Hausbichler \u2013 \u00bbDer verkaufte Feminismus\u00ab (Residenz)<\/strong><br \/>\nLea Susemichel (leitende Redakteurin des feministischen Magazins an.schl\u00e4ge) im Gespr\u00e4ch mit Beate Hausbichler<\/p>\n<p><iframe title=\"Q &amp; A \/ Diskussionsrunde. Symposium &quot;Gendersensibles Design&quot; 8\/8\" width=\"525\" height=\"295\" src=\"https:\/\/www.youtube.com\/embed\/IbTm0IbIYkg?feature=oembed\" frameborder=\"0\" allow=\"accelerometer; autoplay; clipboard-write; encrypted-media; gyroscope; picture-in-picture; web-share\" referrerpolicy=\"strict-origin-when-cross-origin\" allowfullscreen><\/iframe><\/p>\n<p><a dir=\"auto\" spellcheck=\"false\" href=\"https:\/\/www.youtube.com\/results?search_query=VIENNA+DESIGN+WEEK+2020+-+Festivalzentrale+im+Amtshaus&amp;sp=EiG4AQHCARtDaElKM1Nfa21vV3BiVWNSWlBsaGp0SVJla2s%253D\">VIENNA DESIGN WEEK 2020 &#8211;\u00a0 <\/a>Q &amp; A \/ Diskussionsrunde. Symposium &#8222;Gendersensibles Design&#8220;<\/p>\n<p>Mit Ulrike Haele, Stefan Moritsch, Stephanie Wuschitz live vor Ort in Wien, Friedrich von Borrie und Christian Jurke via Videokonferenz zugeschaltet. Moderation Lea Susemichel.<\/p>\n<p><strong><a href=\"https:\/\/vimeo.com\/482579418\">Online-Diskussion &#8211; FEMINISTISCHER JOURNALISMUS<\/a>\u00a0from\u00a0<a href=\"https:\/\/vimeo.com\/kosmostheater\">Kosmos Theater<\/a>\u00a0on\u00a0<a href=\"https:\/\/vimeo.com\">Vimeo<\/a>.<\/strong><\/p>\n<p>https:\/\/vimeo.com\/482579418https:\/\/vimeo.com\/482579418<\/p>\n","protected":false},"excerpt":{"rendered":"<p>DAS DREIECK | DEMOKRATIE UND FRAUENPOLITIK Das Dreieck bildet eine geometrische Form, die nicht zu verbiegen ist. Als Dreieck treten nun auch die \u00f6sterreichischen Community-Fernsehsender gemeinsam an, um anl\u00e4sslich der Nationalratswahlen am 29. September 2024 erstmals ein bundesweites TV-Diskussionsformat zu realisieren. Themenschwerpunkte dieser Sendung: Demokratie und Frauenpolitik Katharina Obermayer (OKTO) und Martin Wassermair (DORFTV) sprechen &hellip; <\/p>\n<p class=\"link-more\"><a href=\"https:\/\/susemichel.de\/?page_id=117\" class=\"more-link\"><span class=\"screen-reader-text\">\u201eVideo\u201c <\/span>weiterlesen<\/a><\/p>\n","protected":false},"author":1,"featured_media":0,"parent":0,"menu_order":0,"comment_status":"closed","ping_status":"closed","template":"","meta":{"footnotes":""},"class_list":["post-117","page","type-page","status-publish","hentry"],"_links":{"self":[{"href":"https:\/\/susemichel.de\/index.php?rest_route=\/wp\/v2\/pages\/117","targetHints":{"allow":["GET"]}}],"collection":[{"href":"https:\/\/susemichel.de\/index.php?rest_route=\/wp\/v2\/pages"}],"about":[{"href":"https:\/\/susemichel.de\/index.php?rest_route=\/wp\/v2\/types\/page"}],"author":[{"embeddable":true,"href":"https:\/\/susemichel.de\/index.php?rest_route=\/wp\/v2\/users\/1"}],"replies":[{"embeddable":true,"href":"https:\/\/susemichel.de\/index.php?rest_route=%2Fwp%2Fv2%2Fcomments&post=117"}],"version-history":[{"count":98,"href":"https:\/\/susemichel.de\/index.php?rest_route=\/wp\/v2\/pages\/117\/revisions"}],"predecessor-version":[{"id":591,"href":"https:\/\/susemichel.de\/index.php?rest_route=\/wp\/v2\/pages\/117\/revisions\/591"}],"wp:attachment":[{"href":"https:\/\/susemichel.de\/index.php?rest_route=%2Fwp%2Fv2%2Fmedia&parent=117"}],"curies":[{"name":"wp","href":"https:\/\/api.w.org\/{rel}","templated":true}]}}