{"id":112,"date":"2021-10-04T19:39:39","date_gmt":"2021-10-04T19:39:39","guid":{"rendered":"https:\/\/susemichel.de\/?page_id=112"},"modified":"2025-11-15T15:29:21","modified_gmt":"2025-11-15T15:29:21","slug":"video-radio","status":"publish","type":"page","link":"https:\/\/susemichel.de\/?page_id=112","title":{"rendered":"Radio"},"content":{"rendered":"<div class=\"drk-tborder\"><a href=\"https:\/\/open.spotify.com\/episode\/51zd18AdtAn8WcoSlrRyyG\">Wokeness: sind die Linken schuld an den Rechten?<\/a><br \/>\nIdentit\u00e4tspolitik, Gendern, Neopronomen: Rechte Politik ist auch wegen ihrer Kritik an der \u201ewoken Linken\u201c erfolgreich. Aber sind die Linken wirklich schuld an den Rechten? Ob sich progressive Kr\u00e4fte verrannt haben und welche Minderheitenpolitik f\u00fcr emanzipatorische Politik unverhandelbar sein muss, diskutieren die Politikwissenschaftlerin, Frauenrechtsaktivistin und ehemalige Gr\u00fcn-Abgeordnete Faika El-Nagashi, die Journalistin und Publizistin Lea Susemichel (an.schl\u00e4ge) und FALTER-Chefredakteur Florian Klenk. Falter-Podcast, 9.11.2025<\/div>\n<div class=\"drk-tborder\">\n<p>&nbsp;<\/p>\n<p><a href=\"https:\/\/www.deutschlandfunknova.de\/beitrag\/gleichberechtigung-oktober-1975-als-islands-frauen-die-insel-lahmlegten\">Eine Stunde History<\/a><br \/>\nOktober 1975: Als Islands Frauen die Insel lahmlegten<strong><br \/>\n<\/strong>Am 24. Oktober 1975 ist auf Island alles anders: Die Frauen sind an diesem Tag buchst\u00e4blich verschwunden und \u00fcberlassen ihre Arbeit den M\u00e4nnern. Mit dem Streik folgen sie einem Aufruf der Vereinten Nationen, die 1975 zum \u201eJahr der Frau\u201c erkoren hatten.<strong><br \/>\n<\/strong>Deutschlandfunk Nova, 24.10.2025<\/p>\n<\/div>\n<div class=\"drk-tborder\">\n<p><a href=\"https:\/\/www.ardaudiothek.de\/episode\/urn:ard:episode:2cc1df6e5733ccdd\/\">SWR Kultur: Woke und weltfremd \u2013 Ist die Linke schuld am Rechtsruck?<\/a><br \/>\nPolitikversteher nennen es den \u201eVibe Shift\u201c: Ob Trump, Orban oder die AfD \u2013 weltweit ist die extreme Rechte auf dem Vormarsch. Schuld daran, so der Autor Jens Jessen k\u00fcrzlich in der ZEIT, sind die Linken selbst. Sie h\u00e4tten den politischen Gegner durch ihre \u201eidentit\u00e4tspolitische Semantik\u201c erst stark gemacht. \u201eWokeness, Diversity, Gendergerechtigkeit\u201c, so Jessen, \u201esind das gr\u00f6\u00dfte Geschenk, dass die Linke der Rechten machen konnte.\u201c Ist das so? Treiben woke Kulturk\u00e4mpfer mit ihren identit\u00e4tspolitischen Zumutungen potentielle W\u00e4hler der Mitte in die Arme von AfD &amp; Co.? Ist gesellschaftliche Spaltung der Preis f\u00fcr emanzipatorische Politik? Und was ist wirklich links? Michael Risel diskutiert mit Jens Jessen \u2013 DIE ZEIT; Dr. Nils C. Kumkar \u2013 Soziologe, Universit\u00e4t Bremen; Lea Susemichel \u2013 Journalistin und Publizistin, Wien<\/p>\n<p>SWR Kultur Forum, 17.9.2025<br \/>\n<span style=\"font-size: 1rem;\">Deutschlandfunk Kultur:<\/span><a style=\"font-size: 1rem;\" href=\"https:\/\/www.deutschlandfunkkultur.de\/lea-susemichel-feminismus-war-nie-so-populaer-wie-heute.970.de.html?dram:article_id=417053\">IM GESPR\u00c4CH<\/a><br \/>\n<a style=\"font-size: 1rem;\" href=\"https:\/\/www.deutschlandfunkkultur.de\/lea-susemichel-feminismus-war-nie-so-populaer-wie-heute.970.de.html?dram:article_id=417053\">Lea Susemichel \u201eFeminismus war nie so popul\u00e4r wie heute\u201c<\/a><\/p>\n<\/div>\n<p>PODCAST DISSENS #11<br \/>\n<a href=\"https:\/\/blogs.taz.de\/dissenspodcast\/mehr-gerechtigkeit-fuer-mehr-menschen\/\">Mehr Gerechtigkeit f\u00fcr mehr Menschen<\/a><br \/>\nFeministin, Queer und Schwarz: Verhindern solche Labels den Kampf f\u00fcr das Gemeinsame?<\/p>\n<p>\u00d61 RADIOKOLLEG<br \/>\n<a href=\"https:\/\/oe1.orf.at\/programm\/20211122\/657575\/Radiokolleg-Identitaetspolitik\">Identit\u00e4tspolitik<\/a><br \/>\nDie vielen &#8222;Ichs&#8220; und ihre gesellschaftliche Sprengkraft<\/p>\n<p>PUNKT EINS<br \/>\n<a href=\"https:\/\/oe1.orf.at\/programm\/20210526\/639001\/Klassenkampf-oder-Identitaetspolitik\">Klassenkampf oder Identit\u00e4tspolitik?<\/a><br \/>\n\u00dcber Solidarit\u00e4t und das Ringen um individuelle Anerkennung.<br \/>\nG\u00e4ste: Lea Susemichel, Journalistin, leitende Redakteurin bei &#8222;an.schl\u00e4ge&#8220; &amp; Dr. Jens Kastner, Soziologe und Kunsthistoriker am Institut f\u00fcr Kunst- und Kulturwissenschaften der Akademie der bildenden K\u00fcnste Wien.<\/p>\n<p>\u00d61 RADIOKOLLEG<br \/>\n<a href=\"https:\/\/oe1.orf.at\/programm\/20200629\/602094\/Radiokolleg-30-Jahre-Gender-Trouble\">Radiokolleg &#8211; 30 Jahre Gender Trouble<\/a><br \/>\nWie Judith Butler die queer Theory erfand (1). Gestaltung: Irmgard Wutscher<\/p>\n","protected":false},"excerpt":{"rendered":"<p>Wokeness: sind die Linken schuld an den Rechten? Identit\u00e4tspolitik, Gendern, Neopronomen: Rechte Politik ist auch wegen ihrer Kritik an der \u201ewoken Linken\u201c erfolgreich. Aber sind die Linken wirklich schuld an den Rechten? Ob sich progressive Kr\u00e4fte verrannt haben und welche Minderheitenpolitik f\u00fcr emanzipatorische Politik unverhandelbar sein muss, diskutieren die Politikwissenschaftlerin, Frauenrechtsaktivistin und ehemalige Gr\u00fcn-Abgeordnete Faika &hellip; <\/p>\n<p class=\"link-more\"><a href=\"https:\/\/susemichel.de\/?page_id=112\" class=\"more-link\"><span class=\"screen-reader-text\">\u201eRadio\u201c <\/span>weiterlesen<\/a><\/p>\n","protected":false},"author":1,"featured_media":0,"parent":0,"menu_order":0,"comment_status":"closed","ping_status":"closed","template":"","meta":{"footnotes":""},"class_list":["post-112","page","type-page","status-publish","hentry"],"_links":{"self":[{"href":"https:\/\/susemichel.de\/index.php?rest_route=\/wp\/v2\/pages\/112","targetHints":{"allow":["GET"]}}],"collection":[{"href":"https:\/\/susemichel.de\/index.php?rest_route=\/wp\/v2\/pages"}],"about":[{"href":"https:\/\/susemichel.de\/index.php?rest_route=\/wp\/v2\/types\/page"}],"author":[{"embeddable":true,"href":"https:\/\/susemichel.de\/index.php?rest_route=\/wp\/v2\/users\/1"}],"replies":[{"embeddable":true,"href":"https:\/\/susemichel.de\/index.php?rest_route=%2Fwp%2Fv2%2Fcomments&post=112"}],"version-history":[{"count":37,"href":"https:\/\/susemichel.de\/index.php?rest_route=\/wp\/v2\/pages\/112\/revisions"}],"predecessor-version":[{"id":666,"href":"https:\/\/susemichel.de\/index.php?rest_route=\/wp\/v2\/pages\/112\/revisions\/666"}],"wp:attachment":[{"href":"https:\/\/susemichel.de\/index.php?rest_route=%2Fwp%2Fv2%2Fmedia&parent=112"}],"curies":[{"name":"wp","href":"https:\/\/api.w.org\/{rel}","templated":true}]}}